{"id":259,"date":"2022-04-17T12:18:51","date_gmt":"2022-04-17T12:18:51","guid":{"rendered":"https:\/\/www.juharapartmankoszeg.hu\/?page_id=259"},"modified":"2024-06-05T12:29:23","modified_gmt":"2024-06-05T12:29:23","slug":"foglalasi-szabalyzat","status":"publish","type":"page","link":"https:\/\/www.juharapartmankoszeg.hu\/en\/foglalasi-szabalyzat\/","title":{"rendered":"foglal\u00e1si szabalyzat"},"content":{"rendered":"<div data-elementor-type=\"wp-page\" data-elementor-id=\"259\" class=\"elementor elementor-259\" data-elementor-post-type=\"page\">\n\t\t\t\t\t\t<section class=\"elementor-section elementor-top-section elementor-element elementor-element-4618aa3 elementor-section-boxed elementor-section-height-default elementor-section-height-default\" data-id=\"4618aa3\" data-element_type=\"section\" data-e-type=\"section\">\n\t\t\t\t\t\t<div class=\"elementor-container elementor-column-gap-default\">\n\t\t\t\t\t<div class=\"elementor-column elementor-col-100 elementor-top-column elementor-element elementor-element-9736192\" data-id=\"9736192\" data-element_type=\"column\" data-e-type=\"column\">\n\t\t\t<div class=\"elementor-widget-wrap elementor-element-populated\">\n\t\t\t\t\t\t<div class=\"elementor-element elementor-element-2e3d38e elementor-widget elementor-widget-text-editor\" data-id=\"2e3d38e\" data-element_type=\"widget\" data-e-type=\"widget\" data-widget_type=\"text-editor.default\">\n\t\t\t\t\t\t\t\t\t<p>Foglal\u00e1si Szab\u00e1lyzat<\/p>\n<h2><span style=\"font-weight: normal;\">\u00e9s \u00e1ltal\u00e1nos szerz\u0151d\u00e9si felt\u00e9telek (\u00c1SZF)<\/span><\/h2>\t\t\t\t\t\t\t\t<\/div>\n\t\t\t\t<div class=\"elementor-element elementor-element-76c965d elementor-widget elementor-widget-text-editor\" data-id=\"76c965d\" data-element_type=\"widget\" data-e-type=\"widget\" data-widget_type=\"text-editor.default\">\n\t\t\t\t\t\t\t\t\t<p><strong><span style=\"color: var( --e-global-color-text ); font-size: 16px;\">Sz\u00e1ll\u00e1s adatai:<\/span><\/strong><\/p><p><strong><span style=\"color: var( --e-global-color-text ); font-size: 16px;\"><br><\/span><\/strong><\/p>\n<p>JUHAR APARTMAN K\u0150SZEG<\/p>\n<p>9730 K\u0151szeg, \u0170rhaj\u00f3sok \u00fatja 6\/A<\/p><p><span style=\"font-family: Montserrat, sans-serif; font-size: 17px; font-style: normal; font-variant-ligatures: normal; font-variant-caps: normal; font-weight: 400; letter-spacing: 0.7px;\">NTAK regisztr\u00e1ci\u00f3s sz\u00e1m: MA22034830<\/span><br><\/p><p><span style=\"font-family: Montserrat, sans-serif; font-size: 17px; font-style: normal; font-variant-ligatures: normal; font-variant-caps: normal; font-weight: 400; letter-spacing: 0.7px;\"><br><\/span><\/p><p style=\"font-variant-ligatures: normal; font-variant-caps: normal; font-family: Montserrat, sans-serif; font-size: 17px; font-style: normal; font-weight: 400; letter-spacing: 0.7px;\">JUHAR 1 APARTMAN K\u0150SZEG<\/p><p style=\"font-variant-ligatures: normal; font-variant-caps: normal; font-family: Montserrat, sans-serif; font-size: 17px; font-style: normal; font-weight: 400; letter-spacing: 0.7px;\">9730 K\u0151szeg, \u0170rhaj\u00f3sok \u00fatja 2\/D<\/p><p style=\"font-variant-ligatures: normal; font-variant-caps: normal; font-family: Montserrat, sans-serif; font-size: 17px; font-style: normal; font-weight: 400; letter-spacing: 0.7px;\"><span style=\"font-family: Montserrat, sans-serif; font-size: 17px; font-style: normal; font-variant-ligatures: normal; font-variant-caps: normal; font-weight: 400; letter-spacing: 0.7px;\">NTAK regisztr\u00e1ci\u00f3s sz\u00e1m: MA24088521<\/span><br><\/p><p style=\"font-variant-ligatures: normal; font-variant-caps: normal; font-family: Montserrat, sans-serif; font-size: 17px; font-style: normal; font-weight: 400; letter-spacing: 0.7px;\"><span style=\"font-family: Montserrat, sans-serif; font-size: 17px; font-style: normal; font-variant-ligatures: normal; font-variant-caps: normal; font-weight: 400; letter-spacing: 0.7px;\"><br><\/span><\/p><div><br><\/div>\n<p>\u00dczemeltet\u0151: T\u00f3th Andrea<\/p>\n<p>Ad\u00f3sz\u00e1m: 58151112-1-38<\/p>\t\t\t\t\t\t\t\t<\/div>\n\t\t\t\t<div class=\"elementor-element elementor-element-43e1bd6 elementor-widget elementor-widget-text-editor\" data-id=\"43e1bd6\" data-element_type=\"widget\" data-e-type=\"widget\" data-widget_type=\"text-editor.default\">\n\t\t\t\t\t\t\t\t\t<p><span style=\"font-family: Montserrat, sans-serif; font-size: 16px; font-style: normal; font-variant-ligatures: normal; font-variant-caps: normal; font-weight: 400; text-align: left; color: var( --e-global-color-text );\">El\u0151sz\u00f6r is k\u00f6sz\u00f6nj\u00fck az \u00e9rdekl\u0151d\u00e9st sz\u00e1ll\u00e1shely\u00fcnk ir\u00e1nt! B\u00edzunk benne, hogy hamarosan vend\u00e9geink k\u00f6z\u00f6tt \u00fcdv\u00f6z\u00f6lhet\u00fcnk K\u0151szegen! Igyeksz\u00fcnk mindig minden t\u0151l\u00fcnk telhet\u0151t megtenni az\u00e9rt, hogy az itt tart\u00f3zkod\u00e1s t\u00f6k\u00e9letes legyen!<\/span><\/p><p>K\u00e9rj\u00fck \u00e9s javasoljuk, hogy a foglal\u00e1s el\u0151tt sz\u00e1nj p\u00e1r percet arra, hogy figyelmesen elolvasd al\u00e1bbi r\u00e9szletes foglal\u00e1si szab\u00e1lyzatunkat, foglal\u00e1s eset\u00e9n automatikusan elfogad\u00e1sra ker\u00fclnek \u00e1ltal\u00e1nos szerz\u0151d\u00e9si felt\u00e9teleink, amik mindannyiunk k\u00f6z\u00f6s \u00e9rdek\u00e9ben sz\u00fclettek.<\/p><p>\u00a0<\/p><p>B\u00e1rmi egy\u00e9b k\u00e9r\u00e9ssel, k\u00e9rd\u00e9ssel fordulj hozz\u00e1nk bizalommal!<\/p><p>Apartmanunkat m\u00e1sok is szeretn\u00e9k majd ugyanolyan kifog\u00e1stalan \u00e1llapotban elfoglalni, \u00edgy k\u00e9rj\u00fck \u00f3vj\u00e1tok azt \u00fagy, mintha a saj\u00e1totok lenne!<\/p><p><strong>Foglal\u00e1s:<\/strong> E-mailen, a kapcsolati oldalon vagy a foglal\u00e1si \u0171rlapon elk\u00fcld\u00f6tt foglal\u00e1s csakis az \u00e1ltalunk k\u00fcld\u00f6tt visszaigazol\u00f3 e-mail szerint tekinthet\u0151 v\u00e9glegesnek \u00e9s a foglal\u00e1s lead\u00e1sa jelen felt\u00e9telek k\u00f6telez\u0151 \u00e9rv\u00e9ny\u0171 elfogad\u00e1s\u00e1nak min\u0151s\u00fcl.<\/p><p>El\u0151leget nem k\u00e9r\u00fcnk, fizetni r\u00e1\u00e9r \u00e9rkez\u00e9skor, de lemond\u00e1s eset\u00e9n k\u00e9rj\u00fck min\u00e9l el\u0151bb, de legk\u00e9s\u0151bb \u00e9rkez\u00e9s el\u0151tt 48 \u00f3r\u00e1val jelezze. \u00c9rkez\u00e9s el\u0151tt kevesebb mint 48 \u00f3r\u00e1val t\u00f6rt\u00e9n\u0151 lemond\u00e1s eset\u00e9n a foglal\u00e1s \u00f6sszeg\u00e9nek 25%-a ker\u00fcl kisz\u00e1ml\u00e1z\u00e1sra.<\/p><p><strong>Kedvezm\u00e9nyek<\/strong>: El\u0151re fizet\u00e9skor 10% kedvezm\u00e9nyt adunk, azonban ez esetben a foglal\u00e1s \u00f6sszege nem visszat\u00e9r\u00edtend\u0151. El\u0151re fizet\u00e9s a kedvezm\u00e9ny n\u00e9lk\u00fcl is lehets\u00e9ges, amennyiben szeretn\u00e9 megtartani annak lehet\u0151s\u00e9g\u00e9t, hogy a foglal\u00e1st \u00e9rkez\u00e9s el\u0151tt 2 nappal d\u00edjmentesen lemondhassa, \u00edgy az \u00f6sszeg 100%-a visszat\u00e9r\u00edt\u00e9sre ker\u00fcl. Az \u00e9rkez\u00e9s el\u0151tt 2 napon bel\u00fcli lemond\u00e1s eset\u00e9n a foglal\u00e1s teljes \u00f6sszeg\u00e9nek a 75%-a ker\u00fcl visszat\u00e9r\u00edt\u00e9sre.<\/p><p style=\"font-style: inherit; font-weight: inherit;\">Hosszabb id\u0151re \u00e9rkez\u0151k a hetedik \u00e9jszak\u00e1t k\u00f6vet\u0151en 10% kedvezm\u00e9nyt kapnak a teljes foglal\u00e1s \u00e1r\u00e1b\u00f3l.\u00a0\u00a0<\/p><p style=\"font-style: inherit; font-weight: inherit;\">Fontos tudni, hogy a k<span style=\"font-size: 16px; color: var( --e-global-color-text );\">\u00e9t kedvezm\u00e9ny egy id\u0151ben NEM vonhat\u00f3 \u00f6ssze!<\/span><\/p><p><strong>Fizet\u00e9s:<\/strong> \u00e1tutal\u00e1s el\u0151re vagy helysz\u00ednen \u00e9rkez\u00e9skor k\u00e9szp\u00e9nz, bankk\u00e1rtya illetve OTP SZ\u00c9P k\u00e1rtya.\u00a0\u00a0<\/p>\t\t\t\t\t\t\t\t<\/div>\n\t\t\t\t<div class=\"elementor-element elementor-element-38272f8 elementor-widget elementor-widget-text-editor\" data-id=\"38272f8\" data-element_type=\"widget\" data-e-type=\"widget\" data-widget_type=\"text-editor.default\">\n\t\t\t\t\t\t\t\t\t<p><strong>Szolg\u00e1ltat\u00e1sok:<\/strong> Vend\u00e9geink r\u00e9sz\u00e9re a parkol\u00f3 ingyenes. Egy aut\u00f3nak biztos\u00edtott a parkol\u00e1s, tov\u00e1bbi aut\u00f3 k\u00f6zvetlen\u00fcl az utc\u00e1n parkolhat, szint\u00e9n ingyenesen. Wifi, Tv \u00e9s Netflix haszn\u00e1lata ingyenes. Az apartman kl\u00edm\u00e1val felszerelt. Mos\u00f3g\u00e9p, mosogat\u00f3g\u00e9p tal\u00e1lhat\u00f3 az apartmanban, illetve minden egy\u00e9b eszk\u00f6z d\u00edjmentesen haszn\u00e1lhat\u00f3.<\/p>\n<p>Foglal\u00e1skor visszaigazol\u00f3 e-mailt k\u00fcld\u00fcnk. Elektronikus sz\u00e1mla a fizet\u00e9s napj\u00e1n \u00e9rkezik.<\/p>\n<p><strong>Fontos:<\/strong> az IFA (idegenforgalmi ad\u00f3) nem fizethet\u0151 SZ\u00c9P k\u00e1rty\u00e1val, azt minden esetben \u00e9rkez\u00e9skor k\u00e9szp\u00e9nzben vagy bankk\u00e1rty\u00e1val lehet rendezni!<\/p>\n<p><strong>Lemond\u00e1si felt\u00e9telek:<\/strong> El\u0151leget nem k\u00e9r\u00fcnk, fizetni r\u00e1\u00e9r \u00e9rkez\u00e9skor. Azonban k\u00e9rj\u00fck amennyiben valami okn\u00e1l fogva le kell mondani a sz\u00e1ll\u00e1st, azt miel\u0151bb k\u00e9rj\u00fck megtenni, hogy m\u00e1s ig\u00e9nybe vehesse a szolg\u00e1ltat\u00e1st. A sz\u00e1ll\u00e1s \u00e9rkez\u00e9s el\u0151tt 2 nappal m\u00e9g d\u00edjmentesen lemondhat\u00f3, 2 napon bel\u00fcl a teljes 25%-a ker\u00fcl kisz\u00e1ml\u00e1z\u00e1sra.<\/p>\n<p>Amennyiben el\u0151re fizetett, \u00fagy a teljes foglal\u00e1s \u00f6sszege visszautal\u00e1sra ker\u00fcl, ha \u00e9rkez\u00e9s el\u0151tt 2 nappal visszamondja, illetve 25%-al cs\u00f6kkentett \u00f6sszeg ker\u00fcl visszautal\u00e1sra, ha 2 napon bel\u00fcl ker\u00fcl lemond\u00e1sra. Ha el\u0151refizet\u00e9sn\u00e9l ig\u00e9nybe vette a 10% kedvezm\u00e9nyt, \u00fagy foglal\u00e1s\u00e1val egyid\u0151ben egyet\u00e9rtett azzal, hogy egy esetleges lemond\u00e1s eset\u00e9n a foglal\u00e1s \u00f6sszege nem visszat\u00e9r\u00edtend\u0151, \u00edgy azt nem \u00e1ll m\u00f3dunkban visszat\u00e9r\u00edteni.<\/p>\n<p>Az apartman \u00fczemeltet\u0151je, tulajdonosa v\u00e1llalja, hogy b\u00e1rmi esetleges, nem el\u0151re l\u00e1that\u00f3 probl\u00e9ma felmer\u00fclne az \u00e9rkez\u00e9s napj\u00e1n (pl. cs\u0151t\u00f6r\u00e9s), e-mailen \u00e9s \/ vagy telefonon \u00e9rtes\u00edti Vend\u00e9geit, az apartman foglalts\u00e1g\u00e1nak f\u00fcggv\u00e9ny\u00e9ben a lehet\u0151 leghamarabbi alternat\u00edv id\u0151pontot aj\u00e1nlja fel, vagy k\u00e9r\u00e9sre a foglal\u00e1s \u00f6sszeg\u00e9t visszat\u00e9r\u00edti (amennyiben el\u0151reutal\u00e1s t\u00f6rt\u00e9nt).<\/p>\n<p>Felek az elsz\u00e1ll\u00e1sol\u00e1sb\u00f3l, k\u00e1rokoz\u00e1sb\u00f3l ered\u0151 vit\u00e1ikat minden esetbren megk\u00eds\u00e9rlik b\u00e9k\u00e9s \u00faton rendezni. Amennyiben ez nem vezetne eredm\u00e9nyhez, \u00fagy a vit\u00e1k eld\u00f6nt\u00e9s\u00e9t a K\u0151szegi B\u00edr\u00f3s\u00e1gon jogi \u00fatra terelhetik.<\/p>\n<p><strong>Vend\u00e9g adatok megad\u00e1sa:<\/strong> Foglal\u00e1sn\u00e1l sz\u00fcks\u00e9ges megadni a teljes nevet, telefonos \u00e9s e-mail el\u00e9rhet\u0151s\u00e9get, c\u00edmet. \u00c9rkez\u00e9skor k\u00f6telez\u0151en sz\u00fcks\u00e9ges megadni minden a sz\u00e1ll\u00e1son tart\u00f3zkod\u00f3 vend\u00e9g teljes nev\u00e9t, sz\u00fclet\u00e9si hely\u00e9t \u00e9s d\u00e1tum\u00e1t, anyja nev\u00e9t, \u00e1llampolg\u00e1rs\u00e1g, ir\u00e1ny\u00edt\u00f3sz\u00e1m illetve bemutatni szem\u00e9lyi igazolv\u00e1ny\u00e1t vagy \u00fatlevel\u00e9t, hogy a sz\u00e1ll\u00e1sad\u00f3 a k\u00f6telez\u0151 \u00e1llami nyilv\u00e1ntart\u00e1s (NTAK \u00e9s VIZA) fel\u00e9 a k\u00f6telez\u0151 adatszolg\u00e1ltat\u00e1st elv\u00e9gezhesse.<\/p>\n<p>Az apartmant csak az el\u0151re egyeztetett l\u00e9tsz\u00e1mban vehetik ig\u00e9nybe, melyet a sz\u00e1ll\u00e1sad\u00f3 ak\u00e1r el\u0151zetes bejelent\u00e9s n\u00e9lk\u00fcl ellen\u0151rizhet. Vend\u00e9gek l\u00e1togat\u00f3t nem fogadhatnak.<\/p>\n<p><strong>T\u00e1j\u00e9koztat\u00e1s a k\u00f6telez\u0151 Okm\u00e1nyolvas\u00e1sr\u00f3l: <\/strong><em>\u201eT\u00e1j\u00e9koztatjuk \u00d6n\u00f6ket, hogy 2021.09.01. napj\u00e1t\u00f3l minden sz\u00e1ll\u00e1shelyen k\u00f6telez\u0151 az okm\u00e1nyolvas\u00f3 haszn\u00e1lata a sz\u00e1ll\u00e1shelyre t\u00f6rt\u00e9n\u0151 bejelentkez\u00e9shez a magyar \u00e9s k\u00fclf\u00f6ldi \u00e1llampolg\u00e1roknak egyar\u00e1nt. A rendelet vonatkozik a gyerekekre is kort\u00f3l f\u00fcggetlen\u00fcl, \u00edgy \u0151ket is csak \u00e9rv\u00e9nyes, a szem\u00e9ly\u00fcket igazol\u00f3 okm\u00e1nnyal \u00e1ll m\u00f3dunkban fogadni.<\/em><\/p>\n<p><em>Az okm\u00e1nyolvas\u00f3 haszn\u00e1lat\u00e1hoz magyar \u00e9s EU \u00e1llampolg\u00e1rok eset\u00e9n szem\u00e9lyi igazolv\u00e1ny, jogositv\u00e1ny vagy \u00fatlev\u00e9l bemutat\u00e1sa, nem EU orsz\u00e1gb\u00f3l sz\u00e1rmaz\u00f3 vend\u00e9g eset\u00e9n \u00fatlev\u00e9l, v\u00edzum vagy tart\u00f3zkod\u00e1si enged\u00e9ly sz\u00e1ma, a beutaz\u00e1s id\u0151pontja \u00e9s hely\u00e9nek bemutat\u00e1sa sz\u00fcks\u00e9ges.<\/em><\/p>\n<p><em>Lej\u00e1rt szem\u00e9lyi igazolv\u00e1ny \/ jogositv\u00e1ny \/ \u00fatlev\u00e9l nem fogadhat\u00f3 el a bejelentkez\u00e9shez, kiv\u00e9ve akkor, ha az adott okm\u00e1ny a v\u00e9szhelyzet(ek valamelyike) alatt j\u00e1rt le, ugyanis azok \u00e9rv\u00e9nyess\u00e9g\u00e9t 120 nappal a v\u00e9szhelyzet ut\u00e1nra meghosszabb\u00edtott\u00e1k a 27\/2021-es korm\u00e1nyrendetben.\u201d<\/em><\/p>\n<p><strong>Fontos rendeleti szab\u00e1lyoz\u00e1s<\/strong>, hogy amennyiben a Vend\u00e9g okm\u00e1nyok n\u00e9lk\u00fcl \u00e9rkezik a sz\u00e1ll\u00e1s elfoglal\u00e1s\u00e1t k\u00f6telez\u0151en el kell utas\u00edtanunk. Abban az esetben, ha a Vend\u00e9g okm\u00e1nyok hi\u00e1nya, vagy \u00e9rv\u00e9nytelen okm\u00e1nyok miatt nem tud bejelentkezni, a sz\u00e1ll\u00e1s d\u00edj\u00e1t nem \u00e1ll m\u00f3dunkban visszaadni. Felh\u00edvjuk a sz\u00edves figyelmet, hogy indul\u00e1s el\u0151tt felt\u00e9tlen\u00fcl ellen\u0151rizd, hogy okm\u00e1nyok megvannak \u00e9s \u00e9rv\u00e9nyesek!<\/p>\t\t\t\t\t\t\t\t<\/div>\n\t\t\t\t<div class=\"elementor-element elementor-element-385df47 elementor-widget elementor-widget-text-editor\" data-id=\"385df47\" data-element_type=\"widget\" data-e-type=\"widget\" data-widget_type=\"text-editor.default\">\n\t\t\t\t\t\t\t\t\t<p>A szem\u00e9lyes okm\u00e1nyadatokat bizalmasan kezelj\u00fck! Utaz\u00e1s lez\u00e1r\u00e1s\u00e1t k\u00f6vet\u0151en t\u00f6r\u00f6lj\u00fck azokat. A rendeletet nem mi alkottuk, de annak betart\u00e1sa k\u00f6telez\u0151 \u00e9rv\u00e9ny\u0171 a sz\u00e1ll\u00e1sad\u00f3kra. K\u00f6sz\u00f6nj\u00fck a meg\u00e9rt\u00e9st \u00e9s sz\u00edves egy\u00fcttm\u0171k\u00f6d\u00e9st!<\/p><p>J\u00f3 pihen\u00e9st k\u00edv\u00e1nunk apartmanunkban \u00e9s kellemes id\u0151t\u00f6lt\u00e9st K\u0151szegen!<\/p>\t\t\t\t\t\t\t\t<\/div>\n\t\t\t\t\t<\/div>\n\t\t<\/div>\n\t\t\t\t\t<\/div>\n\t\t<\/section>\n\t\t\t\t<\/div>","protected":false},"excerpt":{"rendered":"<p>Foglal\u00e1si Szab\u00e1lyzat \u00e9s \u00e1ltal\u00e1nos szerz\u0151d\u00e9si felt\u00e9telek (\u00c1SZF) Sz\u00e1ll\u00e1s adatai: JUHAR APARTMAN K\u0150SZEG 9730 K\u0151szeg, \u0170rhaj\u00f3sok \u00fatja 6\/A NTAK regisztr\u00e1ci\u00f3s sz\u00e1m: MA22034830 JUHAR 1 APARTMAN K\u0150SZEG 9730 K\u0151szeg, \u0170rhaj\u00f3sok \u00fatja 2\/D NTAK regisztr\u00e1ci\u00f3s sz\u00e1m: MA24088521 \u00dczemeltet\u0151: T\u00f3th Andrea Ad\u00f3sz\u00e1m: 58151112-1-38 El\u0151sz\u00f6r is k\u00f6sz\u00f6nj\u00fck az \u00e9rdekl\u0151d\u00e9st sz\u00e1ll\u00e1shely\u00fcnk ir\u00e1nt! B\u00edzunk benne, hogy hamarosan vend\u00e9geink k\u00f6z\u00f6tt \u00fcdv\u00f6z\u00f6lhet\u00fcnk K\u0151szegen! Igyeksz\u00fcnk [&hellip;]<\/p>\n","protected":false},"author":1,"featured_media":0,"parent":0,"menu_order":0,"comment_status":"closed","ping_status":"closed","template":"","meta":{"footnotes":""},"class_list":["post-259","page","type-page","status-publish","hentry","entry"],"yoast_head":"<!-- This site is optimized with the Yoast SEO plugin v27.4 - https:\/\/yoast.com\/product\/yoast-seo-wordpress\/ -->\n<title>foglal\u00e1si szabalyzat - Juhar Apartman<\/title>\n<meta name=\"robots\" content=\"index, follow, max-snippet:-1, max-image-preview:large, max-video-preview:-1\" \/>\n<link rel=\"canonical\" href=\"https:\/\/www.juharapartmankoszeg.hu\/en\/foglalasi-szabalyzat\/\" \/>\n<meta property=\"og:locale\" content=\"en_GB\" \/>\n<meta property=\"og:type\" content=\"article\" \/>\n<meta property=\"og:title\" content=\"foglal\u00e1si szabalyzat - Juhar Apartman\" \/>\n<meta property=\"og:description\" content=\"Foglal\u00e1si Szab\u00e1lyzat \u00e9s \u00e1ltal\u00e1nos szerz\u0151d\u00e9si felt\u00e9telek (\u00c1SZF) Sz\u00e1ll\u00e1s adatai: JUHAR APARTMAN K\u0150SZEG 9730 K\u0151szeg, \u0170rhaj\u00f3sok \u00fatja 6\/A NTAK regisztr\u00e1ci\u00f3s sz\u00e1m: MA22034830 JUHAR 1 APARTMAN K\u0150SZEG 9730 K\u0151szeg, \u0170rhaj\u00f3sok \u00fatja 2\/D NTAK regisztr\u00e1ci\u00f3s sz\u00e1m: MA24088521 \u00dczemeltet\u0151: T\u00f3th Andrea Ad\u00f3sz\u00e1m: 58151112-1-38 El\u0151sz\u00f6r is k\u00f6sz\u00f6nj\u00fck az \u00e9rdekl\u0151d\u00e9st sz\u00e1ll\u00e1shely\u00fcnk ir\u00e1nt! B\u00edzunk benne, hogy hamarosan vend\u00e9geink k\u00f6z\u00f6tt \u00fcdv\u00f6z\u00f6lhet\u00fcnk K\u0151szegen! Igyeksz\u00fcnk [&hellip;]\" \/>\n<meta property=\"og:url\" content=\"https:\/\/www.juharapartmankoszeg.hu\/en\/foglalasi-szabalyzat\/\" \/>\n<meta property=\"og:site_name\" content=\"Juhar Apartman\" \/>\n<meta property=\"article:modified_time\" content=\"2024-06-05T12:29:23+00:00\" \/>\n<meta property=\"og:image\" content=\"https:\/\/www.juharapartmankoszeg.hu\/wp-content\/uploads\/2022\/04\/20220406_120830-scaled-1.jpg\" \/>\n\t<meta property=\"og:image:width\" content=\"2560\" \/>\n\t<meta property=\"og:image:height\" content=\"1920\" \/>\n\t<meta property=\"og:image:type\" content=\"image\/jpeg\" \/>\n<meta name=\"twitter:card\" content=\"summary_large_image\" \/>\n<meta name=\"twitter:label1\" content=\"Estimated reading time\" \/>\n\t<meta name=\"twitter:data1\" content=\"5 minutes\" \/>\n<script type=\"application\/ld+json\" class=\"yoast-schema-graph\">{\"@context\":\"https:\\\/\\\/schema.org\",\"@graph\":[{\"@type\":\"WebPage\",\"@id\":\"https:\\\/\\\/www.juharapartmankoszeg.hu\\\/foglalasi-szabalyzat\\\/\",\"url\":\"https:\\\/\\\/www.juharapartmankoszeg.hu\\\/foglalasi-szabalyzat\\\/\",\"name\":\"foglal\u00e1si szabalyzat - Juhar Apartman\",\"isPartOf\":{\"@id\":\"https:\\\/\\\/www.juharapartmankoszeg.hu\\\/#website\"},\"datePublished\":\"2022-04-17T12:18:51+00:00\",\"dateModified\":\"2024-06-05T12:29:23+00:00\",\"breadcrumb\":{\"@id\":\"https:\\\/\\\/www.juharapartmankoszeg.hu\\\/foglalasi-szabalyzat\\\/#breadcrumb\"},\"inLanguage\":\"en-GB\",\"potentialAction\":[{\"@type\":\"ReadAction\",\"target\":[\"https:\\\/\\\/www.juharapartmankoszeg.hu\\\/foglalasi-szabalyzat\\\/\"]}]},{\"@type\":\"BreadcrumbList\",\"@id\":\"https:\\\/\\\/www.juharapartmankoszeg.hu\\\/foglalasi-szabalyzat\\\/#breadcrumb\",\"itemListElement\":[{\"@type\":\"ListItem\",\"position\":1,\"name\":\"Kezd\u0151lap\",\"item\":\"https:\\\/\\\/www.juharapartmankoszeg.hu\\\/\"},{\"@type\":\"ListItem\",\"position\":2,\"name\":\"foglal\u00e1si szabalyzat\"}]},{\"@type\":\"WebSite\",\"@id\":\"https:\\\/\\\/www.juharapartmankoszeg.hu\\\/#website\",\"url\":\"https:\\\/\\\/www.juharapartmankoszeg.hu\\\/\",\"name\":\"Juhar Apartman\",\"description\":\"K\u0151szeg sz\u00e1ll\u00e1s\",\"publisher\":{\"@id\":\"https:\\\/\\\/www.juharapartmankoszeg.hu\\\/#\\\/schema\\\/person\\\/d91af9758f7c089b39a6415d9a670614\"},\"potentialAction\":[{\"@type\":\"SearchAction\",\"target\":{\"@type\":\"EntryPoint\",\"urlTemplate\":\"https:\\\/\\\/www.juharapartmankoszeg.hu\\\/?s={search_term_string}\"},\"query-input\":{\"@type\":\"PropertyValueSpecification\",\"valueRequired\":true,\"valueName\":\"search_term_string\"}}],\"inLanguage\":\"en-GB\"},{\"@type\":[\"Person\",\"Organization\"],\"@id\":\"https:\\\/\\\/www.juharapartmankoszeg.hu\\\/#\\\/schema\\\/person\\\/d91af9758f7c089b39a6415d9a670614\",\"name\":\"juharadmin\",\"image\":{\"@type\":\"ImageObject\",\"inLanguage\":\"en-GB\",\"@id\":\"https:\\\/\\\/www.juharapartmankoszeg.hu\\\/wp-content\\\/uploads\\\/2022\\\/04\\\/juhar-logo-03.png\",\"url\":\"https:\\\/\\\/www.juharapartmankoszeg.hu\\\/wp-content\\\/uploads\\\/2022\\\/04\\\/juhar-logo-03.png\",\"contentUrl\":\"https:\\\/\\\/www.juharapartmankoszeg.hu\\\/wp-content\\\/uploads\\\/2022\\\/04\\\/juhar-logo-03.png\",\"width\":605,\"height\":481,\"caption\":\"juharadmin\"},\"logo\":{\"@id\":\"https:\\\/\\\/www.juharapartmankoszeg.hu\\\/wp-content\\\/uploads\\\/2022\\\/04\\\/juhar-logo-03.png\"},\"sameAs\":[\"https:\\\/\\\/www.juharapartmankoszeg.hu\"]}]}<\/script>\n<!-- \/ Yoast SEO plugin. -->","yoast_head_json":{"title":"foglal\u00e1si szabalyzat - Juhar Apartman","robots":{"index":"index","follow":"follow","max-snippet":"max-snippet:-1","max-image-preview":"max-image-preview:large","max-video-preview":"max-video-preview:-1"},"canonical":"https:\/\/www.juharapartmankoszeg.hu\/en\/foglalasi-szabalyzat\/","og_locale":"en_GB","og_type":"article","og_title":"foglal\u00e1si szabalyzat - Juhar Apartman","og_description":"Foglal\u00e1si Szab\u00e1lyzat \u00e9s \u00e1ltal\u00e1nos szerz\u0151d\u00e9si felt\u00e9telek (\u00c1SZF) Sz\u00e1ll\u00e1s adatai: JUHAR APARTMAN K\u0150SZEG 9730 K\u0151szeg, \u0170rhaj\u00f3sok \u00fatja 6\/A NTAK regisztr\u00e1ci\u00f3s sz\u00e1m: MA22034830 JUHAR 1 APARTMAN K\u0150SZEG 9730 K\u0151szeg, \u0170rhaj\u00f3sok \u00fatja 2\/D NTAK regisztr\u00e1ci\u00f3s sz\u00e1m: MA24088521 \u00dczemeltet\u0151: T\u00f3th Andrea Ad\u00f3sz\u00e1m: 58151112-1-38 El\u0151sz\u00f6r is k\u00f6sz\u00f6nj\u00fck az \u00e9rdekl\u0151d\u00e9st sz\u00e1ll\u00e1shely\u00fcnk ir\u00e1nt! B\u00edzunk benne, hogy hamarosan vend\u00e9geink k\u00f6z\u00f6tt \u00fcdv\u00f6z\u00f6lhet\u00fcnk K\u0151szegen! Igyeksz\u00fcnk [&hellip;]","og_url":"https:\/\/www.juharapartmankoszeg.hu\/en\/foglalasi-szabalyzat\/","og_site_name":"Juhar Apartman","article_modified_time":"2024-06-05T12:29:23+00:00","og_image":[{"width":2560,"height":1920,"url":"https:\/\/www.juharapartmankoszeg.hu\/wp-content\/uploads\/2022\/04\/20220406_120830-scaled-1.jpg","type":"image\/jpeg"}],"twitter_card":"summary_large_image","twitter_misc":{"Estimated reading time":"5 minutes"},"schema":{"@context":"https:\/\/schema.org","@graph":[{"@type":"WebPage","@id":"https:\/\/www.juharapartmankoszeg.hu\/foglalasi-szabalyzat\/","url":"https:\/\/www.juharapartmankoszeg.hu\/foglalasi-szabalyzat\/","name":"foglal\u00e1si szabalyzat - Juhar Apartman","isPartOf":{"@id":"https:\/\/www.juharapartmankoszeg.hu\/#website"},"datePublished":"2022-04-17T12:18:51+00:00","dateModified":"2024-06-05T12:29:23+00:00","breadcrumb":{"@id":"https:\/\/www.juharapartmankoszeg.hu\/foglalasi-szabalyzat\/#breadcrumb"},"inLanguage":"en-GB","potentialAction":[{"@type":"ReadAction","target":["https:\/\/www.juharapartmankoszeg.hu\/foglalasi-szabalyzat\/"]}]},{"@type":"BreadcrumbList","@id":"https:\/\/www.juharapartmankoszeg.hu\/foglalasi-szabalyzat\/#breadcrumb","itemListElement":[{"@type":"ListItem","position":1,"name":"Kezd\u0151lap","item":"https:\/\/www.juharapartmankoszeg.hu\/"},{"@type":"ListItem","position":2,"name":"foglal\u00e1si szabalyzat"}]},{"@type":"WebSite","@id":"https:\/\/www.juharapartmankoszeg.hu\/#website","url":"https:\/\/www.juharapartmankoszeg.hu\/","name":"Juhar Apartman","description":"K\u0151szeg sz\u00e1ll\u00e1s","publisher":{"@id":"https:\/\/www.juharapartmankoszeg.hu\/#\/schema\/person\/d91af9758f7c089b39a6415d9a670614"},"potentialAction":[{"@type":"SearchAction","target":{"@type":"EntryPoint","urlTemplate":"https:\/\/www.juharapartmankoszeg.hu\/?s={search_term_string}"},"query-input":{"@type":"PropertyValueSpecification","valueRequired":true,"valueName":"search_term_string"}}],"inLanguage":"en-GB"},{"@type":["Person","Organization"],"@id":"https:\/\/www.juharapartmankoszeg.hu\/#\/schema\/person\/d91af9758f7c089b39a6415d9a670614","name":"juharadmin","image":{"@type":"ImageObject","inLanguage":"en-GB","@id":"https:\/\/www.juharapartmankoszeg.hu\/wp-content\/uploads\/2022\/04\/juhar-logo-03.png","url":"https:\/\/www.juharapartmankoszeg.hu\/wp-content\/uploads\/2022\/04\/juhar-logo-03.png","contentUrl":"https:\/\/www.juharapartmankoszeg.hu\/wp-content\/uploads\/2022\/04\/juhar-logo-03.png","width":605,"height":481,"caption":"juharadmin"},"logo":{"@id":"https:\/\/www.juharapartmankoszeg.hu\/wp-content\/uploads\/2022\/04\/juhar-logo-03.png"},"sameAs":["https:\/\/www.juharapartmankoszeg.hu"]}]}},"_links":{"self":[{"href":"https:\/\/www.juharapartmankoszeg.hu\/en\/wp-json\/wp\/v2\/pages\/259","targetHints":{"allow":["GET"]}}],"collection":[{"href":"https:\/\/www.juharapartmankoszeg.hu\/en\/wp-json\/wp\/v2\/pages"}],"about":[{"href":"https:\/\/www.juharapartmankoszeg.hu\/en\/wp-json\/wp\/v2\/types\/page"}],"author":[{"embeddable":true,"href":"https:\/\/www.juharapartmankoszeg.hu\/en\/wp-json\/wp\/v2\/users\/1"}],"replies":[{"embeddable":true,"href":"https:\/\/www.juharapartmankoszeg.hu\/en\/wp-json\/wp\/v2\/comments?post=259"}],"version-history":[{"count":25,"href":"https:\/\/www.juharapartmankoszeg.hu\/en\/wp-json\/wp\/v2\/pages\/259\/revisions"}],"predecessor-version":[{"id":540,"href":"https:\/\/www.juharapartmankoszeg.hu\/en\/wp-json\/wp\/v2\/pages\/259\/revisions\/540"}],"wp:attachment":[{"href":"https:\/\/www.juharapartmankoszeg.hu\/en\/wp-json\/wp\/v2\/media?parent=259"}],"curies":[{"name":"wp","href":"https:\/\/api.w.org\/{rel}","templated":true}]}}